{"id":78,"date":"2022-03-07T12:16:28","date_gmt":"2022-03-07T12:16:28","guid":{"rendered":"https:\/\/www.sktperfectdemo.com\/demos\/woman\/?page_id=78"},"modified":"2023-06-30T12:24:46","modified_gmt":"2023-06-30T12:24:46","slug":"nos-services","status":"publish","type":"page","link":"https:\/\/litigespro.mu\/fr\/nos-services\/","title":{"rendered":"Nos Services"},"content":{"rendered":"\t\t<div data-elementor-type=\"wp-page\" data-elementor-id=\"78\" class=\"elementor elementor-78\">\n\t\t\t\t\t\t<section class=\"elementor-section elementor-top-section elementor-element elementor-element-1ee9c2c skt-woman-section2 elementor-section-boxed elementor-section-height-default elementor-section-height-default\" data-id=\"1ee9c2c\" data-element_type=\"section\" data-settings=\"{&quot;background_background&quot;:&quot;classic&quot;}\">\n\t\t\t\t\t\t<div class=\"elementor-container elementor-column-gap-default\">\n\t\t\t\t\t<div class=\"elementor-column elementor-col-100 elementor-top-column elementor-element elementor-element-281424fd\" data-id=\"281424fd\" data-element_type=\"column\">\n\t\t\t<div class=\"elementor-widget-wrap elementor-element-populated\">\n\t\t\t\t\t\t<div class=\"elementor-element elementor-element-1fedcf38 elementor-widget elementor-widget-heading\" data-id=\"1fedcf38\" data-element_type=\"widget\" data-widget_type=\"heading.default\">\n\t\t\t\t<div class=\"elementor-widget-container\">\n\t\t\t\t\t<h2 class=\"elementor-heading-title elementor-size-default\">Accompagnement et conseils pour votre entreprise<\/h2>\t\t\t\t<\/div>\n\t\t\t\t<\/div>\n\t\t\t\t<div class=\"elementor-element elementor-element-1f8fc9c elementor-widget elementor-widget-heading\" data-id=\"1f8fc9c\" data-element_type=\"widget\" data-widget_type=\"heading.default\">\n\t\t\t\t<div class=\"elementor-widget-container\">\n\t\t\t\t\t<h2 class=\"elementor-heading-title elementor-size-default\">Les services de Litiges PRO<\/h2>\t\t\t\t<\/div>\n\t\t\t\t<\/div>\n\t\t\t\t<div class=\"elementor-element elementor-element-9940ecc elementor-widget elementor-widget-text-editor\" data-id=\"9940ecc\" data-element_type=\"widget\" data-widget_type=\"text-editor.default\">\n\t\t\t\t<div class=\"elementor-widget-container\">\n\t\t\t\t\t\t\t\t\t<p style=\"text-align: center;\">Nos avocats comprennent le contexte et les implications plus larges, pas seulement leur domaine d&#8217;expertise sp\u00e9cifique et comment cela vous affectera, vous ou votre entreprise. Ils comprennent le fonctionnement des transactions et peuvent mettre en \u0153uvre les processus juridiques pour r\u00e9soudre vos probl\u00e8mes ou persuader les personnes qui doivent \u00eatre persuad\u00e9es.<\/p>\t\t\t\t\t\t\t\t<\/div>\n\t\t\t\t<\/div>\n\t\t\t\t<div class=\"elementor-element elementor-element-18ec3ccb elementor-widget elementor-widget-shortcode\" data-id=\"18ec3ccb\" data-element_type=\"widget\" data-widget_type=\"shortcode.default\">\n\t\t\t\t<div class=\"elementor-widget-container\">\n\t\t\t\t\t\t\t<div class=\"elementor-shortcode\"><div class=\"programs-box-outer\"> \r\n\t\t\t<div class=\"programs-box-outer-area\"><div class=\"programs-box-content\"><div class=\"skt-programs-outer\"><div class=\"skt-programs-image\">\r\n\t\t\t<a href=\"https:\/\/litigespro.mu\/fr\/programs\/droit-des-affaires\/\" title=\"Droit Des Affaires\"><img decoding=\"async\" src=\"https:\/\/litigespro.mu\/fr\/wp-content\/uploads\/2023\/06\/business-law.jpg\"><\/a><\/div><\/div><div class=\"programs-infobox\">\r\n                \t<h3 class=\"skt-programs-title\"><a href=\"https:\/\/litigespro.mu\/fr\/programs\/droit-des-affaires\/\">Droit Des Affaires<\/a><\/h3>\r\n\t\t\t\t\t<p>R\u00e9diger ou v\u00e9rifier un document avant de le signer. Vous \u00eatre soutenu et guid\u00e9 durant une proc\u00e9dure juridique.<\/p><\/div><\/div><\/div> \r\n\t\t\t<div class=\"programs-box-outer-area\"><div class=\"programs-box-content\"><div class=\"skt-programs-outer\"><div class=\"skt-programs-image\">\r\n\t\t\t<a href=\"https:\/\/litigespro.mu\/fr\/programs\/droit-fiscal\/\" title=\"Droit Fiscal\"><img decoding=\"async\" src=\"https:\/\/litigespro.mu\/fr\/wp-content\/uploads\/2023\/06\/tax-law.jpg\"><\/a><\/div><\/div><div class=\"programs-infobox\">\r\n                \t<h3 class=\"skt-programs-title\"><a href=\"https:\/\/litigespro.mu\/fr\/programs\/droit-fiscal\/\">Droit Fiscal<\/a><\/h3>\r\n\t\t\t\t\t<p>Nous vous conseillons sur l'aspect de la fiscalit\u00e9, d\u2019assistance dans le cadre d\u2019une contestation ou du r\u00e8glement avec les autorit\u00e9s fiscales.<\/p><\/div><\/div><\/div> \r\n\t\t\t<div class=\"programs-box-outer-area\"><div class=\"programs-box-content\"><div class=\"skt-programs-outer\"><div class=\"skt-programs-image\">\r\n\t\t\t<a href=\"https:\/\/litigespro.mu\/fr\/programs\/recouvrement\/\" title=\"Recouvrement\"><img decoding=\"async\" src=\"https:\/\/litigespro.mu\/fr\/wp-content\/uploads\/2023\/06\/deb-col.jpg\"><\/a><\/div><\/div><div class=\"programs-infobox\">\r\n                \t<h3 class=\"skt-programs-title\"><a href=\"https:\/\/litigespro.mu\/fr\/programs\/recouvrement\/\">Recouvrement<\/a><\/h3>\r\n\t\t\t\t\t<p>Une facture impay\u00e9e peut impliquer des probl\u00e8mes. Comment faire face \u00e0 ces impay\u00e9s, qui peuvent mettre en difficult\u00e9 votre tr\u00e9sorerie?<\/p><\/div><\/div><\/div><\/div><\/div>\n\t\t\t\t\t\t<\/div>\n\t\t\t\t<\/div>\n\t\t\t\t\t<\/div>\n\t\t<\/div>\n\t\t\t\t\t<\/div>\n\t\t<\/section>\n\t\t\t\t<\/div>\n\t\t","protected":false},"excerpt":{"rendered":"<p>Accompagnement et conseils pour votre entreprise Les services de Litiges PRO Nos avocats comprennent le contexte et les implications plus larges, pas seulement leur domaine d&#8217;expertise sp\u00e9cifique et comment cela vous affectera, vous ou votre entreprise. Ils comprennent le fonctionnement des transactions et peuvent mettre en \u0153uvre les processus juridiques pour r\u00e9soudre vos probl\u00e8mes ou<br \/><a class=\"moretag\" href=\"https:\/\/litigespro.mu\/fr\/programs\/recouvrement\/\">+ Read More<\/a><\/p>\n","protected":false},"author":1,"featured_media":0,"parent":0,"menu_order":0,"comment_status":"closed","ping_status":"closed","template":"templates\/page-builder.php","meta":{"footnotes":""},"class_list":["post-78","page","type-page","status-publish","hentry"],"_links":{"self":[{"href":"https:\/\/litigespro.mu\/fr\/wp-json\/wp\/v2\/pages\/78","targetHints":{"allow":["GET"]}}],"collection":[{"href":"https:\/\/litigespro.mu\/fr\/wp-json\/wp\/v2\/pages"}],"about":[{"href":"https:\/\/litigespro.mu\/fr\/wp-json\/wp\/v2\/types\/page"}],"author":[{"embeddable":true,"href":"https:\/\/litigespro.mu\/fr\/wp-json\/wp\/v2\/users\/1"}],"replies":[{"embeddable":true,"href":"https:\/\/litigespro.mu\/fr\/wp-json\/wp\/v2\/comments?post=78"}],"version-history":[{"count":15,"href":"https:\/\/litigespro.mu\/fr\/wp-json\/wp\/v2\/pages\/78\/revisions"}],"predecessor-version":[{"id":789,"href":"https:\/\/litigespro.mu\/fr\/wp-json\/wp\/v2\/pages\/78\/revisions\/789"}],"wp:attachment":[{"href":"https:\/\/litigespro.mu\/fr\/wp-json\/wp\/v2\/media?parent=78"}],"curies":[{"name":"wp","href":"https:\/\/api.w.org\/{rel}","templated":true}]}}